{"id":7384,"date":"2023-08-08T14:54:21","date_gmt":"2023-08-08T12:54:21","guid":{"rendered":"https:\/\/karivarah.com\/bestille-hos-oss\/"},"modified":"2024-02-27T20:24:24","modified_gmt":"2024-02-27T19:24:24","slug":"bestille-hos-oss","status":"publish","type":"page","link":"https:\/\/karivarah.com\/no\/bestille-hos-oss\/","title":{"rendered":"Bestille hos oss"},"content":{"rendered":"\t\t<div data-elementor-type=\"wp-page\" data-elementor-id=\"7384\" class=\"elementor elementor-7384 elementor-591\" data-elementor-post-type=\"page\">\n\t\t\t\t\t\t<section class=\"elementor-section elementor-top-section elementor-element elementor-element-6e955dd elementor-section-boxed elementor-section-height-default elementor-section-height-default\" data-id=\"6e955dd\" data-element_type=\"section\" data-e-type=\"section\">\n\t\t\t\t\t\t<div class=\"elementor-container elementor-column-gap-default\">\n\t\t\t\t\t<div class=\"elementor-column elementor-col-100 elementor-top-column elementor-element elementor-element-24de398\" data-id=\"24de398\" data-element_type=\"column\" data-e-type=\"column\">\n\t\t\t<div class=\"elementor-widget-wrap elementor-element-populated\">\n\t\t\t\t\t\t<section class=\"elementor-section elementor-inner-section elementor-element elementor-element-2a273d9 elementor-section-boxed elementor-section-height-default elementor-section-height-default\" data-id=\"2a273d9\" data-element_type=\"section\" data-e-type=\"section\">\n\t\t\t\t\t\t<div class=\"elementor-container elementor-column-gap-default\">\n\t\t\t\t\t<div class=\"elementor-column elementor-col-50 elementor-inner-column elementor-element elementor-element-4ba6a17\" data-id=\"4ba6a17\" data-element_type=\"column\" data-e-type=\"column\">\n\t\t\t<div class=\"elementor-widget-wrap elementor-element-populated\">\n\t\t\t\t\t\t<div class=\"elementor-element elementor-element-ea97785 elementor-widget elementor-widget-heading\" data-id=\"ea97785\" data-element_type=\"widget\" data-e-type=\"widget\" data-widget_type=\"heading.default\">\n\t\t\t\t<div class=\"elementor-widget-container\">\n\t\t\t\t\t<h1 class=\"elementor-heading-title elementor-size-default\">Bestille hos oss<\/h1>\t\t\t\t<\/div>\n\t\t\t\t<\/div>\n\t\t\t\t<div class=\"elementor-element elementor-element-de8ead3 elementor-widget__width-initial elementor-widget elementor-widget-text-editor\" data-id=\"de8ead3\" data-element_type=\"widget\" data-e-type=\"widget\" data-widget_type=\"text-editor.default\">\n\t\t\t\t<div class=\"elementor-widget-container\">\n\t\t\t\t\t\t\t\t\t<p>Finn ut hva du kan forvente, fra kasse til levering.<\/p>\n\t\t\t\t\t\t\t\t<\/div>\n\t\t\t\t<\/div>\n\t\t\t\t\t<\/div>\n\t\t<\/div>\n\t\t\t\t<div class=\"elementor-column elementor-col-50 elementor-inner-column elementor-element elementor-element-c7f616e\" data-id=\"c7f616e\" data-element_type=\"column\" data-e-type=\"column\">\n\t\t\t<div class=\"elementor-widget-wrap elementor-element-populated\">\n\t\t\t\t\t\t<div class=\"elementor-element elementor-element-4cc9ba4 elementor-widget elementor-widget-image\" data-id=\"4cc9ba4\" data-element_type=\"widget\" data-e-type=\"widget\" data-widget_type=\"image.default\">\n\t\t\t\t<div class=\"elementor-widget-container\">\n\t\t\t\t\t\t\t\t\t\t\t\t\t\t\t<img fetchpriority=\"high\" decoding=\"async\" width=\"3938\" height=\"1575\" src=\"https:\/\/karivarah.com\/wp-content\/uploads\/2023\/11\/KARIVARAH-Illustration-Order-fulfilment-2.png\" class=\"attachment-full size-full wp-image-6357\" alt=\"\" srcset=\"https:\/\/karivarah.com\/wp-content\/uploads\/2023\/11\/KARIVARAH-Illustration-Order-fulfilment-2.png 3938w, https:\/\/karivarah.com\/wp-content\/uploads\/2023\/11\/KARIVARAH-Illustration-Order-fulfilment-2-300x120.png 300w, https:\/\/karivarah.com\/wp-content\/uploads\/2023\/11\/KARIVARAH-Illustration-Order-fulfilment-2-1024x410.png 1024w, https:\/\/karivarah.com\/wp-content\/uploads\/2023\/11\/KARIVARAH-Illustration-Order-fulfilment-2-768x307.png 768w, https:\/\/karivarah.com\/wp-content\/uploads\/2023\/11\/KARIVARAH-Illustration-Order-fulfilment-2-1536x614.png 1536w, https:\/\/karivarah.com\/wp-content\/uploads\/2023\/11\/KARIVARAH-Illustration-Order-fulfilment-2-2048x819.png 2048w, https:\/\/karivarah.com\/wp-content\/uploads\/2023\/11\/KARIVARAH-Illustration-Order-fulfilment-2-600x240.png 600w\" sizes=\"(max-width: 3938px) 100vw, 3938px\" \/>\t\t\t\t\t\t\t\t\t\t\t\t\t\t\t<\/div>\n\t\t\t\t<\/div>\n\t\t\t\t\t<\/div>\n\t\t<\/div>\n\t\t\t\t\t<\/div>\n\t\t<\/section>\n\t\t\t\t\t<\/div>\n\t\t<\/div>\n\t\t\t\t\t<\/div>\n\t\t<\/section>\n\t\t\t\t<section class=\"elementor-section elementor-top-section elementor-element elementor-element-606197a elementor-section-boxed elementor-section-height-default elementor-section-height-default\" data-id=\"606197a\" data-element_type=\"section\" data-e-type=\"section\">\n\t\t\t\t\t\t<div class=\"elementor-container elementor-column-gap-default\">\n\t\t\t\t\t<div class=\"elementor-column elementor-col-33 elementor-top-column elementor-element elementor-element-f4761ac\" data-id=\"f4761ac\" data-element_type=\"column\" data-e-type=\"column\" data-settings=\"{&quot;background_background&quot;:&quot;classic&quot;}\">\n\t\t\t<div class=\"elementor-widget-wrap elementor-element-populated\">\n\t\t\t\t\t\t<div class=\"elementor-element elementor-element-021fb5b elementor-widget elementor-widget-heading\" data-id=\"021fb5b\" data-element_type=\"widget\" data-e-type=\"widget\" data-widget_type=\"heading.default\">\n\t\t\t\t<div class=\"elementor-widget-container\">\n\t\t\t\t\t<h2 class=\"elementor-heading-title elementor-size-default\">Betaling<\/h2>\t\t\t\t<\/div>\n\t\t\t\t<\/div>\n\t\t\t\t<div class=\"elementor-element elementor-element-a434c06 elementor-widget elementor-widget-heading\" data-id=\"a434c06\" data-element_type=\"widget\" data-e-type=\"widget\" data-widget_type=\"heading.default\">\n\t\t\t\t<div class=\"elementor-widget-container\">\n\t\t\t\t\t<h3 class=\"elementor-heading-title elementor-size-default\">Grunnprinsippene<\/h3>\t\t\t\t<\/div>\n\t\t\t\t<\/div>\n\t\t\t\t<div class=\"elementor-element elementor-element-4ae8e0d elementor-widget elementor-widget-text-editor\" data-id=\"4ae8e0d\" data-element_type=\"widget\" data-e-type=\"widget\" data-widget_type=\"text-editor.default\">\n\t\t\t\t<div class=\"elementor-widget-container\">\n\t\t\t\t\t\t\t\t\t<p>Her er en oversikt over hvordan du betaler for bestillingen din:<\/p>\n<ul>\n<li>Vi bruker <a href=\"https:\/\/www.karivarah.com\/no\/betal-med-klarna\/\"><span style=\"text-decoration: underline;\">Klarna<\/span><\/a>-checkout. Det betyr at du kan enten betale for ordren din med det samme eller betale senere med Klarna. Valget er ditt. <\/li>\n<li>Vi aksepterer Visa og Mastercard.<\/li>\n<li>Vi bryr oss om personvern og sikkerhet. Derfor har vi valgt en sikker betalingsl\u00f8sning.<\/li>\n<li>Prisene v\u00e5re er inkl. mva., med mindre annet er angitt. Men husk at fraktkostnad vil bli beregnet i kassen. <\/li>\n<li>\n<div class=\"flex flex-grow flex-col max-w-full gap-3 gizmo:gap-0\">\n<div class=\"min-h-[20px] text-message peer flex flex-col items-start gap-3 whitespace-pre-wrap break-words peer-[.text-message]:mt-5 overflow-x-auto\" data-message-author-role=\"assistant\" data-message-id=\"da5b3a91-162e-4685-a3d0-0c324551429b\">\n<div class=\"markdown prose w-full break-words dark:prose-invert light\">\n<p>Rabattkoder kan ikke kombineres. Du kan bare bruke \u00e9n rabattkode per ordre. <\/p>\n<\/div>\n<\/div>\n<\/div>\n<\/li>\n<\/ul>\n<div>Hvis du vil vite mer, vennligst forhold deg til v\u00e5re <span style=\"text-decoration: underline;\"><a href=\"https:\/\/karivarah.com\/terms-and-conditions\/\">vilk\u00e5r og betingelser<\/a><\/span>, les v\u00e5re <a href=\"https:\/\/www.karivarah.com\/no\/sporsmal-og-svar\/\"><span style=\"text-decoration: underline;\">sp\u00f8rsm\u00e5l og svar<\/span><\/a>, eller <a href=\"https:\/\/www.karivarah.com\/no\/kontakt\/\"><span style=\"text-decoration: underline;\">ta kontakt<\/span><\/a>.<\/div>\n\t\t\t\t\t\t\t\t<\/div>\n\t\t\t\t<\/div>\n\t\t\t\t\t<\/div>\n\t\t<\/div>\n\t\t\t\t<div class=\"elementor-column elementor-col-33 elementor-top-column elementor-element elementor-element-59a9cf5\" data-id=\"59a9cf5\" data-element_type=\"column\" data-e-type=\"column\" data-settings=\"{&quot;background_background&quot;:&quot;classic&quot;}\">\n\t\t\t<div class=\"elementor-widget-wrap elementor-element-populated\">\n\t\t\t\t\t\t<div class=\"elementor-element elementor-element-62266e3 elementor-widget elementor-widget-heading\" data-id=\"62266e3\" data-element_type=\"widget\" data-e-type=\"widget\" data-widget_type=\"heading.default\">\n\t\t\t\t<div class=\"elementor-widget-container\">\n\t\t\t\t\t<h2 class=\"elementor-heading-title elementor-size-default\">Levering<\/h2>\t\t\t\t<\/div>\n\t\t\t\t<\/div>\n\t\t\t\t<div class=\"elementor-element elementor-element-9fe0307 elementor-widget elementor-widget-heading\" data-id=\"9fe0307\" data-element_type=\"widget\" data-e-type=\"widget\" data-widget_type=\"heading.default\">\n\t\t\t\t<div class=\"elementor-widget-container\">\n\t\t\t\t\t<h3 class=\"elementor-heading-title elementor-size-default\">Grunnprinsippene<\/h3>\t\t\t\t<\/div>\n\t\t\t\t<\/div>\n\t\t\t\t<div class=\"elementor-element elementor-element-648fb82 elementor-widget elementor-widget-text-editor\" data-id=\"648fb82\" data-element_type=\"widget\" data-e-type=\"widget\" data-widget_type=\"text-editor.default\">\n\t\t\t\t<div class=\"elementor-widget-container\">\n\t\t\t\t\t\t\t\t\t<p>Dette trenger du \u00e5 vite om forsendelse og levering:<\/p>\n<ul>\n<li>Vi tilbyr fri standardlevering p\u00e5 alle ordrer fra og med kr 400.<\/li>\n<li>Vi sender alle ordre fra v\u00e5rt lager i Norge. Det p\u00e5l\u00f8per alts\u00e5 ingen importskatt eller -avgifter.<\/li>\n<li>Vanligvis kan du velge mellom Posten\/Bring, PostNord og Helthjem.<\/li>\n<li>Vi pakker og overleverer sendingen til transport\u00f8ren innen 1\u20133 dager. Du vil bli holdt oppdatert med meldinger. <\/li>\n<li>S\u00e5 snart sendingen er hos leverand\u00f8ren kan du forvente din ordre levert innen 3\u20136 dager. I enkelte tilfeller kan det ta opptil 12 dager. <\/li>\n<\/ul>\n<div>Hvis du vil vite mer, vennligst forhold deg til v\u00e5re <span style=\"text-decoration: underline;\"><a href=\"https:\/\/karivarah.com\/terms-and-conditions\/\">vilk\u00e5r og betingelser<\/a><\/span>, les v\u00e5re <a href=\"https:\/\/www.karivarah.com\/no\/sporsmal-og-svar\/\"><span style=\"text-decoration: underline;\">sp\u00f8rsm\u00e5l og svar<\/span><\/a>, eller <a href=\"https:\/\/www.karivarah.com\/no\/kontakt\/\"><span style=\"text-decoration: underline;\">ta kontakt<\/span><\/a>.<\/div>\n\t\t\t\t\t\t\t\t<\/div>\n\t\t\t\t<\/div>\n\t\t\t\t\t<\/div>\n\t\t<\/div>\n\t\t\t\t<div class=\"elementor-column elementor-col-33 elementor-top-column elementor-element elementor-element-f7b73f6\" data-id=\"f7b73f6\" data-element_type=\"column\" data-e-type=\"column\" data-settings=\"{&quot;background_background&quot;:&quot;classic&quot;}\">\n\t\t\t<div class=\"elementor-widget-wrap elementor-element-populated\">\n\t\t\t\t\t\t<div class=\"elementor-element elementor-element-6ae0af1 elementor-widget elementor-widget-heading\" data-id=\"6ae0af1\" data-element_type=\"widget\" data-e-type=\"widget\" data-widget_type=\"heading.default\">\n\t\t\t\t<div class=\"elementor-widget-container\">\n\t\t\t\t\t<h2 class=\"elementor-heading-title elementor-size-default\">Retur og refusjon<\/h2>\t\t\t\t<\/div>\n\t\t\t\t<\/div>\n\t\t\t\t<div class=\"elementor-element elementor-element-ac3924e elementor-widget elementor-widget-heading\" data-id=\"ac3924e\" data-element_type=\"widget\" data-e-type=\"widget\" data-widget_type=\"heading.default\">\n\t\t\t\t<div class=\"elementor-widget-container\">\n\t\t\t\t\t<h3 class=\"elementor-heading-title elementor-size-default\">Grunnprinsippene<\/h3>\t\t\t\t<\/div>\n\t\t\t\t<\/div>\n\t\t\t\t<div class=\"elementor-element elementor-element-8cb4cca elementor-widget elementor-widget-text-editor\" data-id=\"8cb4cca\" data-element_type=\"widget\" data-e-type=\"widget\" data-widget_type=\"text-editor.default\">\n\t\t\t\t<div class=\"elementor-widget-container\">\n\t\t\t\t\t\t\t\t\t<p>Her er et sammendrag av hvordan vi h\u00e5ndterer returer og refusjoner:<\/p>\n<ul>\n<li>N\u00e5r ordren har blitt levert har du 14 dager p\u00e5 deg for \u00e5 returnere varen(e) og kreve en refusjon.<\/li>\n<li>Pass p\u00e5 at varen(e) ikke har blitt brukt eller skadet, at du har et kj\u00f8psbevis og at du forsiktig pakker varen(e) inn i originalemballasjen igjen.<\/li>\n<li>Du st\u00e5r ansvarlig for kostnadene for \u00e5 returnere varen(e) til lageret v\u00e5rt i Norge.<\/li>\n<li>Vi vil tilbakebetale pengene til deg innen 14 dager etter at vi har mottatt varen(e) som ble returnert. Vi vil bruke den samme betalingsm\u00e5ten som du brukte for bestillingen din. <\/li>\n<\/ul>\n<div>Hvis du vil vite mer, vennligst forhold deg til v\u00e5re <a href=\"https:\/\/www.karivarah.com\/return-and-refund-policy\">retningslinjer for retur og refusjon<\/a>, les v\u00e5re <a href=\"https:\/\/www.karivarah.com\/no\/sporsmal-og-svar\/\">sp\u00f8rsm\u00e5l og svar<\/a>, eller <a href=\"https:\/\/www.karivarah.com\/no\/kontakt\/\">ta kontakt<\/a>.<\/div>\n\t\t\t\t\t\t\t\t<\/div>\n\t\t\t\t<\/div>\n\t\t\t\t\t<\/div>\n\t\t<\/div>\n\t\t\t\t\t<\/div>\n\t\t<\/section>\n\t\t\t\t<\/div>\n\t\t","protected":false},"excerpt":{"rendered":"<p>Bestille hos oss Finn ut hva du kan forvente, fra kasse til levering. Betaling Grunnprinsippene Her er en oversikt over hvordan du betaler for bestillingen din: Vi bruker Klarna-checkout. Det betyr at du kan enten betale for ordren din med det samme eller betale senere med Klarna. Valget er ditt. Vi aksepterer Visa og Mastercard. [&hellip;]<\/p>\n","protected":false},"author":1,"featured_media":0,"parent":0,"menu_order":0,"comment_status":"closed","ping_status":"closed","template":"","meta":{"site-sidebar-layout":"no-sidebar","site-content-layout":"page-builder","ast-site-content-layout":"full-width-container","site-content-style":"unboxed","site-sidebar-style":"unboxed","ast-global-header-display":"","ast-banner-title-visibility":"","ast-main-header-display":"","ast-hfb-above-header-display":"","ast-hfb-below-header-display":"","ast-hfb-mobile-header-display":"","site-post-title":"disabled","ast-breadcrumbs-content":"","ast-featured-img":"disabled","footer-sml-layout":"","ast-disable-related-posts":"","theme-transparent-header-meta":"","adv-header-id-meta":"","stick-header-meta":"","header-above-stick-meta":"","header-main-stick-meta":"","header-below-stick-meta":"","astra-migrate-meta-layouts":"default","ast-page-background-enabled":"default","ast-page-background-meta":{"desktop":{"background-color":"var(--ast-global-color-4)","background-image":"","background-repeat":"repeat","background-position":"center center","background-size":"auto","background-attachment":"scroll","background-type":"","background-media":"","overlay-type":"","overlay-color":"","overlay-opacity":"","overlay-gradient":""},"tablet":{"background-color":"","background-image":"","background-repeat":"repeat","background-position":"center center","background-size":"auto","background-attachment":"scroll","background-type":"","background-media":"","overlay-type":"","overlay-color":"","overlay-opacity":"","overlay-gradient":""},"mobile":{"background-color":"","background-image":"","background-repeat":"repeat","background-position":"center center","background-size":"auto","background-attachment":"scroll","background-type":"","background-media":"","overlay-type":"","overlay-color":"","overlay-opacity":"","overlay-gradient":""}},"ast-content-background-meta":{"desktop":{"background-color":"var(--ast-global-color-5)","background-image":"","background-repeat":"repeat","background-position":"center center","background-size":"auto","background-attachment":"scroll","background-type":"","background-media":"","overlay-type":"","overlay-color":"","overlay-opacity":"","overlay-gradient":""},"tablet":{"background-color":"var(--ast-global-color-5)","background-image":"","background-repeat":"repeat","background-position":"center center","background-size":"auto","background-attachment":"scroll","background-type":"","background-media":"","overlay-type":"","overlay-color":"","overlay-opacity":"","overlay-gradient":""},"mobile":{"background-color":"var(--ast-global-color-5)","background-image":"","background-repeat":"repeat","background-position":"center center","background-size":"auto","background-attachment":"scroll","background-type":"","background-media":"","overlay-type":"","overlay-color":"","overlay-opacity":"","overlay-gradient":""}},"footnotes":""},"class_list":["post-7384","page","type-page","status-publish","hentry"],"_links":{"self":[{"href":"https:\/\/karivarah.com\/no\/wp-json\/wp\/v2\/pages\/7384","targetHints":{"allow":["GET"]}}],"collection":[{"href":"https:\/\/karivarah.com\/no\/wp-json\/wp\/v2\/pages"}],"about":[{"href":"https:\/\/karivarah.com\/no\/wp-json\/wp\/v2\/types\/page"}],"author":[{"embeddable":true,"href":"https:\/\/karivarah.com\/no\/wp-json\/wp\/v2\/users\/1"}],"replies":[{"embeddable":true,"href":"https:\/\/karivarah.com\/no\/wp-json\/wp\/v2\/comments?post=7384"}],"version-history":[{"count":9,"href":"https:\/\/karivarah.com\/no\/wp-json\/wp\/v2\/pages\/7384\/revisions"}],"predecessor-version":[{"id":7811,"href":"https:\/\/karivarah.com\/no\/wp-json\/wp\/v2\/pages\/7384\/revisions\/7811"}],"wp:attachment":[{"href":"https:\/\/karivarah.com\/no\/wp-json\/wp\/v2\/media?parent=7384"}],"curies":[{"name":"wp","href":"https:\/\/api.w.org\/{rel}","templated":true}]}}