{"id":7240,"date":"2023-11-09T07:27:42","date_gmt":"2023-11-09T06:27:42","guid":{"rendered":"https:\/\/karivarah.com\/shop\/ukategorisert\/guide-innrammet-kunsttrykk\/"},"modified":"2024-05-31T13:03:00","modified_gmt":"2024-05-31T11:03:00","slug":"guide-innrammet-kunsttrykk","status":"publish","type":"product","link":"https:\/\/karivarah.com\/no\/butikk\/dekor\/veggdekor\/guide-innrammet-kunsttrykk\/","title":{"rendered":"Guide innrammet kunsttrykk"},"content":{"rendered":"<p>Er det \u00abdet lille ekstra\u00bb som mangler p\u00e5 veggene dine? Dette kunsttrykket vil dra deg inn hver gang du ser p\u00e5 det. <\/p>\n<ul>\n<li>H\u00e5ndtegnet bildekunst<\/li>\n<li>Farget digitalt<\/li>\n<li>Laget i Uganda<\/li>\n<\/ul>\n<p>Guide er en hyllest til fred, et uttrykksfullt stykke som skiller seg ut i alle omgivelser, b\u00e5de p\u00e5 en bar vegg og i et galleri. Kunstnerinnen, Yeko, henter inspirasjon fra afrikanske trykk, tekstiler og symbolisme. <\/p>\n<p>Vi tilbyr <strong>fri frakt p\u00e5 alle kunsttrykk<\/strong>. Bruk rabattkoden <strong>KUNSTFRAKT0<\/strong>. <\/p>\n<h4><strong>Spesifikasjoner<\/strong><\/h4>\n<p>&nbsp;<\/p>\n<ul>\n<li>Treramme i furu, 20\u201325 mm tykk og 10\u201314 mm bred<\/li>\n<li>Splintsikkert, transparent akrylglass<\/li>\n<li>Inkl. variabelt oppheng som lar deg henge rammen i b\u00e5de st\u00e5ende og liggende retning<\/li>\n<li>250 g\/m\u00b2 matt (ubestr\u00f8ket) papir<\/li>\n<li>Gr\u00e5hvitt, arkivbestandig papir i museumskvalitet<\/li>\n<li>Syrefritt, FSC-sertifisert papir<\/li>\n<li>Kun for innend\u00f8rs bruk<\/li>\n<\/ul>\n","protected":false},"excerpt":{"rendered":"<p>Er det \u00abdet lille ekstra\u00bb som mangler p\u00e5 veggene dine? Dette kunsttrykket vil dra deg inn hver gang du ser p\u00e5 det. H\u00e5ndtegnet bildekunst Farget digitalt Laget i Uganda Guide er en hyllest til fred, et uttrykksfullt stykke som skiller seg ut i alle omgivelser, b\u00e5de p\u00e5 en bar vegg og i et galleri. Kunstnerinnen, [&hellip;]<\/p>\n","protected":false},"featured_media":6595,"template":"","meta":{"site-sidebar-layout":"default","site-content-layout":"","ast-site-content-layout":"default","site-content-style":"default","site-sidebar-style":"default","ast-global-header-display":"","ast-banner-title-visibility":"","ast-main-header-display":"","ast-hfb-above-header-display":"","ast-hfb-below-header-display":"","ast-hfb-mobile-header-display":"","site-post-title":"","ast-breadcrumbs-content":"","ast-featured-img":"","footer-sml-layout":"","ast-disable-related-posts":"","theme-transparent-header-meta":"default","adv-header-id-meta":"","stick-header-meta":"default","header-above-stick-meta":"","header-main-stick-meta":"","header-below-stick-meta":"","astra-migrate-meta-layouts":"default","ast-page-background-enabled":"default","ast-page-background-meta":{"desktop":{"background-color":"var(--ast-global-color-4)","background-image":"","background-repeat":"repeat","background-position":"center center","background-size":"auto","background-attachment":"scroll","background-type":"","background-media":"","overlay-type":"","overlay-color":"","overlay-opacity":"","overlay-gradient":""},"tablet":{"background-color":"","background-image":"","background-repeat":"repeat","background-position":"center center","background-size":"auto","background-attachment":"scroll","background-type":"","background-media":"","overlay-type":"","overlay-color":"","overlay-opacity":"","overlay-gradient":""},"mobile":{"background-color":"","background-image":"","background-repeat":"repeat","background-position":"center center","background-size":"auto","background-attachment":"scroll","background-type":"","background-media":"","overlay-type":"","overlay-color":"","overlay-opacity":"","overlay-gradient":""}},"ast-content-background-meta":{"desktop":{"background-color":"var(--ast-global-color-5)","background-image":"","background-repeat":"repeat","background-position":"center center","background-size":"auto","background-attachment":"scroll","background-type":"","background-media":"","overlay-type":"","overlay-color":"","overlay-opacity":"","overlay-gradient":""},"tablet":{"background-color":"var(--ast-global-color-5)","background-image":"","background-repeat":"repeat","background-position":"center center","background-size":"auto","background-attachment":"scroll","background-type":"","background-media":"","overlay-type":"","overlay-color":"","overlay-opacity":"","overlay-gradient":""},"mobile":{"background-color":"var(--ast-global-color-5)","background-image":"","background-repeat":"repeat","background-position":"center center","background-size":"auto","background-attachment":"scroll","background-type":"","background-media":"","overlay-type":"","overlay-color":"","overlay-opacity":"","overlay-gradient":""}}},"product_brand":[],"product_cat":[278],"product_tag":[],"class_list":{"0":"post-7240","1":"product","2":"type-product","3":"status-publish","4":"has-post-thumbnail","6":"product_cat-veggdekor","7":"pa_origin-ug-nb","8":"desktop-align-left","9":"tablet-align-left","10":"mobile-align-left","11":"ast-product-gallery-layout-horizontal-slider","12":"ast-product-single-variable","13":"ast-product-tabs-layout-horizontal","15":"first","16":"instock","17":"taxable","18":"shipping-taxable","19":"purchasable","20":"product-type-variable"},"_links":{"self":[{"href":"https:\/\/karivarah.com\/no\/wp-json\/wp\/v2\/product\/7240","targetHints":{"allow":["GET"]}}],"collection":[{"href":"https:\/\/karivarah.com\/no\/wp-json\/wp\/v2\/product"}],"about":[{"href":"https:\/\/karivarah.com\/no\/wp-json\/wp\/v2\/types\/product"}],"version-history":[{"count":2,"href":"https:\/\/karivarah.com\/no\/wp-json\/wp\/v2\/product\/7240\/revisions"}],"predecessor-version":[{"id":7325,"href":"https:\/\/karivarah.com\/no\/wp-json\/wp\/v2\/product\/7240\/revisions\/7325"}],"wp:featuredmedia":[{"embeddable":true,"href":"https:\/\/karivarah.com\/no\/wp-json\/wp\/v2\/media\/6595"}],"wp:attachment":[{"href":"https:\/\/karivarah.com\/no\/wp-json\/wp\/v2\/media?parent=7240"}],"wp:term":[{"taxonomy":"product_brand","embeddable":true,"href":"https:\/\/karivarah.com\/no\/wp-json\/wp\/v2\/product_brand?post=7240"},{"taxonomy":"product_cat","embeddable":true,"href":"https:\/\/karivarah.com\/no\/wp-json\/wp\/v2\/product_cat?post=7240"},{"taxonomy":"product_tag","embeddable":true,"href":"https:\/\/karivarah.com\/no\/wp-json\/wp\/v2\/product_tag?post=7240"}],"curies":[{"name":"wp","href":"https:\/\/api.w.org\/{rel}","templated":true}]}}